{"id":5,"date":"2019-10-06T18:40:43","date_gmt":"2019-10-06T16:40:43","guid":{"rendered":"http:\/\/feapa.es\/arteterapiahoy\/?page_id=5"},"modified":"2019-10-23T03:06:54","modified_gmt":"2019-10-23T01:06:54","slug":"5-2","status":"publish","type":"page","link":"http:\/\/feapa.es\/arteterapiahoy\/","title":{"rendered":""},"content":{"rendered":"<div class=\"page\" title=\"Page 1\">\n<div class=\"section\">\n<div class=\"layoutArea\">\n<div class=\"column\">\n<p><strong>Un art\u00edculo escrito por la Federaci\u00f3n Espa\u00f1ola de Asociaciones Profesionales de Arteterapia<\/strong><\/p>\n<p>La Arteterapia es una disciplina terap\u00e9utica especializada en acompa\u00f1ar, facilitar y posibilitar cambios significativos en la persona que la recibe mediante la utilizaci\u00f3n de diversos medios art\u00edsticos. Esto se produce fundamentalmente atendiendo a su proceso creativo, a las im\u00e1genes que crea y a las preguntas y respuestas que \u00e9stas le suscitan. Gracias a ello la persona puede construir y deconstruir nuevos argumentos sobre s\u00ed mismo\/a y sobre su malestar subjetivo.<\/p>\n<p>Los objetivos fundamentales son en el alivio del malestar, la elaboraci\u00f3n de los s\u00edntomas psicol\u00f3gicos, y la facilitaci\u00f3n de procesos de desarrollo (emocional, intelectual y relacional).<\/p>\n<p>La pr\u00e1ctica profesional de la Arteterapia se apoya en el conocimiento y la pr\u00e1ctica del arte por una parte, y por otra en el estudio del desarrollo humano y de las teor\u00edas psicol\u00f3gicas.<\/p>\n<p>Hemos observado que en los \u00faltimos meses se han publicado algunos art\u00edculos de prensa bajo el lema de \u201cArteterapia\u201d que pueden suscitar confusi\u00f3n respecto a lo que a la pr\u00e1ctica de \u00e9sta se refiere.<\/p>\n<p><img loading=\"lazy\" class=\"alignleft size-full wp-image-9\" src=\"http:\/\/feapa.es\/arteterapiahoy\/wp-content\/uploads\/sites\/3\/2019\/10\/001.jpg\" alt=\"\" width=\"1200\" height=\"800\" srcset=\"http:\/\/feapa.es\/arteterapiahoy\/wp-content\/uploads\/sites\/3\/2019\/10\/001.jpg 1200w, http:\/\/feapa.es\/arteterapiahoy\/wp-content\/uploads\/sites\/3\/2019\/10\/001-300x200.jpg 300w, http:\/\/feapa.es\/arteterapiahoy\/wp-content\/uploads\/sites\/3\/2019\/10\/001-768x512.jpg 768w, http:\/\/feapa.es\/arteterapiahoy\/wp-content\/uploads\/sites\/3\/2019\/10\/001-1024x683.jpg 1024w\" sizes=\"(max-width: 1200px) 100vw, 1200px\" \/><\/p>\n<p>&nbsp;<\/p>\n<p>Desde la Federaci\u00f3n Espa\u00f1ola de Asociaciones de Arteterapia (FEAPA) pretendemos, pues, esclarecer algunas de las dudas que surgen en torno a nuestra disciplina:<\/p>\n<p>Su origen se remonta a los a\u00f1os 40 del siglo pasado, cuando el artista brit\u00e1nico Adrian Hill descubri\u00f3 los beneficios terap\u00e9uticos del dibujo y la pintura mientras convalec\u00eda de una tuberculosis en el hospital. A partir de su propia experiencia\u00a0 sugiri\u00f3 la misma pr\u00e1ctica a otros pacientes.<\/p>\n<p>Adrian Hill, junto a otro artista llamado Edward Adamson, trabaj\u00f3 para introducir esta nueva herramienta terap\u00e9utica a pacientes con enfermedad mental en hospitales de Inglaterra.<\/p>\n<p>En aquella misma \u00e9poca dos pioneras de la Arteterapia en EEUU, la artista Edith Kramer y la psic\u00f3loga Margaret Naumburg, trabajaron para incluir programas de terapia art\u00edstica en hospitales y centros de salud mental despu\u00e9s de observar c\u00f3mo esta promov\u00eda el crecimiento psicoemocional y el desarrollo cognitivo de las personas que la practicaban.<\/p>\n<p>Apareci\u00f3 la Arteterapia como disciplina de acompa\u00f1amiento terap\u00e9utico y sigui\u00f3 creciendo convirti\u00e9ndose, desde entonces, en una importante herramienta para la intervenci\u00f3n terap\u00e9utica y socioeducativa en la infancia, adolescencia y en personas adultas.<\/p>\n<p>Es por tanto una profesi\u00f3n con 80 a\u00f1os de ejercicio profesional y socialmente comprometida.<\/p>\n<p>Tiene una gran trayectoria internacional y en pa\u00edses como Estados Unidos se ofrecen un gran n\u00famero de licenciaturas, masters y doctorados en Arteterapia. Actualmente y desde hace a\u00f1os, en pa\u00edses como Canad\u00e1, Reino Unido, Estados Unidos, Holanda, Suiza y Australia, cuentan con los servicios de arteterapeutas profesionales en su sistema de salud p\u00fablica.<\/p>\n<p>El desarrollo de la Arteterapia promueve la habilitaci\u00f3n de un medio de expresi\u00f3n altamente proyectivo, libre de filtros y de juicios prematuros que afectan al lenguaje verbal. Posee, adem\u00e1s, un valor simb\u00f3lico y una dimensi\u00f3n productiva que incorpora principios de actividad y creaci\u00f3n.<\/p>\n<p>La persona, sana o enferma, experimenta que su producci\u00f3n creativa se convierte en huella perdurable de su mundo interno, el cual es transferido al medio sensible y metaf\u00f3ricamente revelado en la obra.<\/p>\n<p>La transferencia del significado a la forma le permite generar un espacio de nueva realidad, construida con sus propios pensamientos y emociones objetivados. As\u00ed, mediante la proyecci\u00f3n y retroalimentaci\u00f3n sucesivas, el sujeto avanza con la ayuda del\/la\u00a0 arteterapeuta por la espiral del autoconocimiento; el proceso creativo supone la\u00a0 diferenciaci\u00f3n y gesti\u00f3n del mundo interno mediante esa materializaci\u00f3n simb\u00f3lica que permite desalojar lo indeseable.<\/p>\n<p>Los\/las profesionales que nos dedicamos a las \u00e1reas de la salud mental, servicios sociales y educaci\u00f3n, m\u00e1s all\u00e1 de la l\u00ednea metodol\u00f3gica y de la gravedad de los problemas que tratamos de resolver, tenemos como objetivo primordial, posibilitar que las personas puedan desarrollar sus potencialidades personales y consigan tener una evoluci\u00f3n m\u00e1s satisfactoria de sus capacidades.<\/p>\n<p>En este sentido la cura de una persona, la modificaci\u00f3n subjetiva, la incorporaci\u00f3n de habilidades positivas de comunicaci\u00f3n, etc., se han de producir en un desarrollo satisfactorio de su capacidad de proyecci\u00f3n y de simbolizaci\u00f3n.<\/p>\n<p>En Espa\u00f1a se inici\u00f3 la formaci\u00f3n universitaria en 1999 y actualmente se cuenta con numerosas formaciones universitarias reconocidas y distribuidas en todo el territorio espa\u00f1ol.<\/p>\n<div class=\"page\" title=\"Page 2\">\n<div class=\"section\">\n<div class=\"layoutArea\">\n<div class=\"column\">\n<p><img loading=\"lazy\" class=\"alignleft size-full wp-image-11\" src=\"http:\/\/feapa.es\/arteterapiahoy\/wp-content\/uploads\/sites\/3\/2019\/10\/002.jpg\" alt=\"\" width=\"1200\" height=\"800\" srcset=\"http:\/\/feapa.es\/arteterapiahoy\/wp-content\/uploads\/sites\/3\/2019\/10\/002.jpg 1200w, http:\/\/feapa.es\/arteterapiahoy\/wp-content\/uploads\/sites\/3\/2019\/10\/002-300x200.jpg 300w, http:\/\/feapa.es\/arteterapiahoy\/wp-content\/uploads\/sites\/3\/2019\/10\/002-768x512.jpg 768w, http:\/\/feapa.es\/arteterapiahoy\/wp-content\/uploads\/sites\/3\/2019\/10\/002-1024x683.jpg 1024w\" sizes=\"(max-width: 1200px) 100vw, 1200px\" \/><\/p>\n<div class=\"page\" title=\"Page 3\">\n<div class=\"section\">\n<div class=\"layoutArea\">\n<p><span lang=\"ES\">La FEAPA es el organismo regulador de la profesi\u00f3n de Arteterapia en Espa\u00f1a y tiene por objetivo velar por el rigor en la formaci\u00f3n y por una buena pr\u00e1ctica profesional;\u00a0 agrupa tambi\u00e9n a las asociaciones que resultan de las distintas formaciones y, por extensi\u00f3n, a los\/as arteterapeutas pertenecientes a las mismas. <\/span><\/p>\n<p>Una de sus misiones fundamentales es definir de un modo riguroso los requisitos de formaci\u00f3n, general y espec\u00edfica, que garanticen un adecuado desarrollo y aplicaci\u00f3n terap\u00e9utica. Por otra parte, tambi\u00e9n exige una experiencia acreditada que capacite a los\/las profesionales para ejercer una pr\u00e1ctica profesional cualificada y responsable.<\/p>\n<div class=\"column\">\n<p><img loading=\"lazy\" class=\"alignleft size-full wp-image-13\" src=\"http:\/\/feapa.es\/arteterapiahoy\/wp-content\/uploads\/sites\/3\/2019\/10\/003.jpg\" alt=\"\" width=\"1200\" height=\"676\" srcset=\"http:\/\/feapa.es\/arteterapiahoy\/wp-content\/uploads\/sites\/3\/2019\/10\/003.jpg 1200w, http:\/\/feapa.es\/arteterapiahoy\/wp-content\/uploads\/sites\/3\/2019\/10\/003-300x169.jpg 300w, http:\/\/feapa.es\/arteterapiahoy\/wp-content\/uploads\/sites\/3\/2019\/10\/003-768x433.jpg 768w, http:\/\/feapa.es\/arteterapiahoy\/wp-content\/uploads\/sites\/3\/2019\/10\/003-1024x577.jpg 1024w\" sizes=\"(max-width: 1200px) 100vw, 1200px\" \/><\/p>\n<p>Una mirada a la producci\u00f3n bibliogr\u00e1fica sobre Arteterapia en la \u00faltima d\u00e9cada, muestra que esta disciplina ocupa un lugar propio en la investigaci\u00f3n psicol\u00f3gica, educativa, social y m\u00e9dica, con un s\u00f3lido corpus te\u00f3rico; existe una evidencia cient\u00edfica acumulada por estudios experimentales y correlacionales, as\u00ed como con una importante cuota de investigaci\u00f3n cualitativa que corrobora su eficacia.<\/p>\n<p>La aplicaci\u00f3n de Arteterapia se caracteriza por su extraordinaria adaptabilidad a las necesidades de los colectivos o dificultades a tratar, ya que el lenguaje fundamental que utiliza es la creaci\u00f3n.<\/p>\n<p>Tiene como eje central el proceso creativo y la producci\u00f3n de im\u00e1genes, las cuales pueden funcionar como dinamizadoras de lo interno: dan sentido y, a su vez, se les da sentido.<\/p>\n<p>Los \u00e1mbitos de aplicaci\u00f3n de la Arteterapia son muy variados. Incluyen enfermedades f\u00edsicas, neurol\u00f3gicas, de salud mental, problemas emocionales, o dificultades relacionadas con el comportamiento. Resulta v\u00e1lida tambi\u00e9n para cualquier persona que desee hacer un trabajo personal mediante el uso del lenguaje art\u00edstico, con el acompa\u00f1amiento de un\/a arteterapeuta. Est\u00e1 indicada para personas de todas las edades en formato individual o grupal.<\/p>\n<p>Dada su importancia, su trascendencia, y el alto grado de responsabilidad que conlleva el acompa\u00f1amiento terap\u00e9utico, FEAPA es la \u00fanica organizaci\u00f3n estatal que puede garantizar unos criterios adecuados tanto para la formaci\u00f3n, como para la pr\u00e1ctica profesional de la Arteterapia.<\/p>\n<p><strong>FEAPA, Comit\u00e9 de \u00c9tica.<\/strong><\/p>\n<\/div>\n<p>Si quieres saber m\u00e1s sobre nuestra organizaci\u00f3n entra en <a href=\"http:\/\/www.feapa.es\">FEAPA.ES<\/a><\/p>\n<\/div>\n<\/div>\n<\/div>\n<\/div>\n<\/div>\n<\/div>\n<\/div>\n<\/div>\n<\/div>\n<\/div>\n<\/div>\n","protected":false},"excerpt":{"rendered":"<p>Un art\u00edculo escrito por la Federaci\u00f3n Espa\u00f1ola de Asociaciones Profesionales de Arteterapia La Arteterapia es una disciplina terap\u00e9utica especializada en acompa\u00f1ar, facilitar y posibilitar cambios significativos en la persona que la recibe mediante la utilizaci\u00f3n de diversos medios art\u00edsticos. Esto &hellip; <a href=\"http:\/\/feapa.es\/arteterapiahoy\/\">Continuar<\/a><\/p>\n","protected":false},"author":1,"featured_media":0,"parent":0,"menu_order":0,"comment_status":"closed","ping_status":"closed","template":"","meta":{"kt_blocks_editor_width":""},"yoast_head":"<!-- This site is optimized with the Yoast SEO plugin v15.4 - https:\/\/yoast.com\/wordpress\/plugins\/seo\/ -->\n<title>- Arteterapia Hoy<\/title>\n<meta name=\"robots\" content=\"index, follow, max-snippet:-1, max-image-preview:large, max-video-preview:-1\" \/>\n<link rel=\"canonical\" href=\"http:\/\/feapa.es\/arteterapiahoy\/\" \/>\n<meta property=\"og:locale\" content=\"es_ES\" \/>\n<meta property=\"og:type\" content=\"article\" \/>\n<meta property=\"og:title\" content=\"- Arteterapia Hoy\" \/>\n<meta property=\"og:description\" content=\"Un art\u00edculo escrito por la Federaci\u00f3n Espa\u00f1ola de Asociaciones Profesionales de Arteterapia La Arteterapia es una disciplina terap\u00e9utica especializada en acompa\u00f1ar, facilitar y posibilitar cambios significativos en la persona que la recibe mediante la utilizaci\u00f3n de diversos medios art\u00edsticos. Esto &hellip; Continuar\" \/>\n<meta property=\"og:url\" content=\"http:\/\/feapa.es\/arteterapiahoy\/\" \/>\n<meta property=\"og:site_name\" content=\"Arteterapia Hoy\" \/>\n<meta property=\"article:modified_time\" content=\"2019-10-23T01:06:54+00:00\" \/>\n<meta property=\"og:image\" content=\"http:\/\/feapa.es\/arteterapiahoy\/wp-content\/uploads\/sites\/3\/2019\/10\/001.jpg\" \/>\n<meta name=\"twitter:card\" content=\"summary_large_image\" \/>\n<meta name=\"twitter:label1\" content=\"Escrito por\">\n\t<meta name=\"twitter:data1\" content=\"fea20169\">\n\t<meta name=\"twitter:label2\" content=\"Tiempo de lectura\">\n\t<meta name=\"twitter:data2\" content=\"4 minutos\">\n<script type=\"application\/ld+json\" class=\"yoast-schema-graph\">{\"@context\":\"https:\/\/schema.org\",\"@graph\":[{\"@type\":\"WebSite\",\"@id\":\"https:\/\/feapa.es\/arteterapiahoy\/#website\",\"url\":\"https:\/\/feapa.es\/arteterapiahoy\/\",\"name\":\"Arteterapia Hoy\",\"description\":\"Otro sitio m\\u00e1s de Sitios Feapa\",\"potentialAction\":[{\"@type\":\"SearchAction\",\"target\":\"https:\/\/feapa.es\/arteterapiahoy\/?s={search_term_string}\",\"query-input\":\"required name=search_term_string\"}],\"inLanguage\":\"es\"},{\"@type\":\"ImageObject\",\"@id\":\"http:\/\/feapa.es\/arteterapiahoy\/#primaryimage\",\"inLanguage\":\"es\",\"url\":\"http:\/\/feapa.es\/arteterapiahoy\/wp-content\/uploads\/sites\/3\/2019\/10\/001.jpg\",\"width\":1200,\"height\":800},{\"@type\":\"WebPage\",\"@id\":\"http:\/\/feapa.es\/arteterapiahoy\/#webpage\",\"url\":\"http:\/\/feapa.es\/arteterapiahoy\/\",\"name\":\"- Arteterapia Hoy\",\"isPartOf\":{\"@id\":\"https:\/\/feapa.es\/arteterapiahoy\/#website\"},\"primaryImageOfPage\":{\"@id\":\"http:\/\/feapa.es\/arteterapiahoy\/#primaryimage\"},\"datePublished\":\"2019-10-06T16:40:43+00:00\",\"dateModified\":\"2019-10-23T01:06:54+00:00\",\"inLanguage\":\"es\",\"potentialAction\":[{\"@type\":\"ReadAction\",\"target\":[\"http:\/\/feapa.es\/arteterapiahoy\/\"]}]}]}<\/script>\n<!-- \/ Yoast SEO plugin. -->","_links":{"self":[{"href":"http:\/\/feapa.es\/arteterapiahoy\/wp-json\/wp\/v2\/pages\/5"}],"collection":[{"href":"http:\/\/feapa.es\/arteterapiahoy\/wp-json\/wp\/v2\/pages"}],"about":[{"href":"http:\/\/feapa.es\/arteterapiahoy\/wp-json\/wp\/v2\/types\/page"}],"author":[{"embeddable":true,"href":"http:\/\/feapa.es\/arteterapiahoy\/wp-json\/wp\/v2\/users\/1"}],"replies":[{"embeddable":true,"href":"http:\/\/feapa.es\/arteterapiahoy\/wp-json\/wp\/v2\/comments?post=5"}],"version-history":[{"count":8,"href":"http:\/\/feapa.es\/arteterapiahoy\/wp-json\/wp\/v2\/pages\/5\/revisions"}],"predecessor-version":[{"id":22,"href":"http:\/\/feapa.es\/arteterapiahoy\/wp-json\/wp\/v2\/pages\/5\/revisions\/22"}],"wp:attachment":[{"href":"http:\/\/feapa.es\/arteterapiahoy\/wp-json\/wp\/v2\/media?parent=5"}],"curies":[{"name":"wp","href":"https:\/\/api.w.org\/{rel}","templated":true}]}}